{"id":53,"date":"2016-04-05T16:45:39","date_gmt":"2016-04-05T15:45:39","guid":{"rendered":"http:\/\/abetiquettes.fr\/?page_id=53"},"modified":"2016-06-07T10:51:10","modified_gmt":"2016-06-07T09:51:10","slug":"etiquette-tracabilite-code-barre","status":"publish","type":"page","link":"https:\/\/abetiquettes.fr\/index.php\/etiquette-tracabilite-code-barre\/","title":{"rendered":"\u00e9tiquette tra\u00e7abilit\u00e9 \/ code-barre"},"content":{"rendered":"<div id=\"themify_builder_content-53\" data-postid=\"53\" class=\"themify_builder_content themify_builder_content-53 themify_builder\">\n\n    \t\n\t\t<!-- module_row -->\n\t\t\t<div  class=\"themify_builder_row module_row clearfix module_row_0 themify_builder_53_row module_row_53-0\">\n\t\t\t\t                                <div class=\"row_inner \" >\n\n                                    \n\t\t<div  class=\"tb-column col-full first module_column tb_53_column module_column_0 module_column_53-0-0\" >\n                                                                <div class=\"tb-column-inner\">\n                            \n\n<!-- module text -->\n<div  id=\"text-53-0-0-1\" class=\"module module-text text-53-0-0-1   \">\n    \n    <h1 style=\"text-align: center;\">Etiquettes de tra\u00e7abilit\u00e9 et codes barre<\/h1><\/div>\n<!-- \/module text -->\n                        <\/div>\n                    \t\t<\/div>\n\t\t<!-- \/.tb-column -->\n\t\t\n\t\t\n                                <\/div>\n                                <!-- \/row_inner -->\n                        <\/div>\n                        <!-- \/module_row -->\n\t\t\t\n\t\t<!-- module_row -->\n\t\t\t<div  class=\"themify_builder_row module_row clearfix module_row_1 themify_builder_53_row module_row_53-1\">\n\t\t\t\t                                <div class=\"row_inner \" >\n\n                                    \n\t\t<div  class=\"tb-column col-full first module_column tb_53_column module_column_0 module_column_53-1-0\" >\n                                                                <div class=\"tb-column-inner\">\n                            \n\n<!-- module text -->\n<div  id=\"text-53-1-0-1\" class=\"module module-text text-53-1-0-1   \">\n    \n    <h2>S\u00e9curisez, g\u00e9rez et vendez vos produits dans les r\u00e8gles de l&rsquo;art avec AB\u00e9tiquettes, imprimeur sp\u00e9cialis\u00e9 pour vos \u00e9tiquettes code-barre &#038; tra\u00e7abilit\u00e9.<\/h2><p><img decoding=\"async\" loading=\"lazy\" class=\"alignleft wp-image-117 size-medium\" src=\"http:\/\/abetiquettes.fr\/wp-content\/uploads\/2016\/04\/slider-abetiquettes-01-300x148.jpg\" alt=\"\u00e9tiquettes code-barre\" width=\"300\" height=\"148\" srcset=\"https:\/\/abetiquettes.fr\/wp-content\/uploads\/2016\/04\/slider-abetiquettes-01-300x148.jpg 300w, https:\/\/abetiquettes.fr\/wp-content\/uploads\/2016\/04\/slider-abetiquettes-01-768x380.jpg 768w, https:\/\/abetiquettes.fr\/wp-content\/uploads\/2016\/04\/slider-abetiquettes-01-1024x507.jpg 1024w, https:\/\/abetiquettes.fr\/wp-content\/uploads\/2016\/04\/slider-abetiquettes-01-1024x507-201x100.jpg 201w, https:\/\/abetiquettes.fr\/wp-content\/uploads\/2016\/04\/slider-abetiquettes-01.jpg 1900w\" sizes=\"(max-width: 300px) 100vw, 300px\" \/>Les \u00a0\u00e9tiquettes code-barre et incr\u00e9ment\u00e9es sont aujourd&rsquo;hui indispensables pour toute entreprise. R\u00e9pertorier et identifier vos produits, mais aussi utiliser des codes barre et\/ou flashcodes pour la vente et le suivi devient un r\u00e9flexe &#8230;<\/p><p>\u00a0<\/p><p><strong>D\u00e9couvrez nos produits :<\/strong><\/p><\/div>\n<!-- \/module text -->\n\n\n    <!-- module accordion -->\n    <div  id=\"accordion-53-1-0-2\" class=\"module module-accordion accordion-53-1-0-2  \" data-behavior=\"toggle\">\n\n        \n        <ul class=\"ui module-accordion default   default\">\n                            <li >\n                    <div class=\"accordion-title\">\n                        <a href=\"#\">\n                                                                                    EN SAVOIR PLUS                        <\/a>\n                    <\/div>\n                    <div class=\"accordion-content clearfix  default-closed\">\n                        <p>Et d\u00e9sormais la tra\u00e7abilit\u00e9 n\u2019est plus le seul crit\u00e8re \u00e0 votre disposition : les \u00e9tiquettes code-barre peuvent \u00e9galement avoir des caract\u00e9ristiques de haute r\u00e9sistance, ou devenir des anti-vols parfaitement fiables, comme les supports<a href=\"http:\/\/abetiquettes.fr\/index.php\/2016\/04\/12\/antivol-void\/\">VOID<\/a>, <a href=\"http:\/\/abetiquettes.fr\/index.php\/2016\/04\/07\/flexsecure\/\">Flexsecure <\/a>ou <a href=\"http:\/\/abetiquettes.fr\/index.php\/2016\/03\/03\/etiquettes-antivol-destructible\/\">destructibles <\/a>par exemple.\u00a0<\/p><p>A ces arguments techniques s\u2019ajoute la possibilit\u00e9 de personnaliser votre support avec une impression couleur ou une d\u00e9coupe particuli\u00e8re pour mettre en avant votre image de marque<\/p><p>Pour vous garantir un r\u00e9sultat conforme \u00e0 vos besoins, confiez votre projet a <a href=\"http:\/\/www.abetiquettes.fr\/\">AB\u00e9tiquettes<\/a>, et g\u00e9rez votre activit\u00e9 en toute s\u00e9r\u00e9nit\u00e9.<\/p><p>Nous vous invitons \u00e9galement \u00e0 d\u00e9crire en d\u00e9tail votre projet gr\u00e2ce \u00e0 notre <a href=\"http:\/\/abetiquettes.fr\/index.php\/contact\/\">formulaire de devis d\u00e9taill\u00e9<\/a>, qui vous permettra de nous exposer votre projet selon vos besoins, afin que nous puissions vous \u00e9tablir un devis personnalis\u00e9 parfait pour vous.<\/p>                    <\/div>\n                <\/li>\n                    <\/ul>\n\n    <\/div>\n    <!-- \/module accordion -->\n\n                        <\/div>\n                    \t\t<\/div>\n\t\t<!-- \/.tb-column -->\n\t\t\n\t\t\n                                <\/div>\n                                <!-- \/row_inner -->\n                        <\/div>\n                        <!-- \/module_row -->\n\t\t<\/div>\n<!-- \/themify_builder_content -->","protected":false},"excerpt":{"rendered":"<p>Etiquettes de tra\u00e7abilit\u00e9 et codes barre<\/p>\n","protected":false},"author":1,"featured_media":0,"parent":0,"menu_order":2,"comment_status":"closed","ping_status":"closed","template":"","meta":[],"_links":{"self":[{"href":"https:\/\/abetiquettes.fr\/index.php\/wp-json\/wp\/v2\/pages\/53"}],"collection":[{"href":"https:\/\/abetiquettes.fr\/index.php\/wp-json\/wp\/v2\/pages"}],"about":[{"href":"https:\/\/abetiquettes.fr\/index.php\/wp-json\/wp\/v2\/types\/page"}],"author":[{"embeddable":true,"href":"https:\/\/abetiquettes.fr\/index.php\/wp-json\/wp\/v2\/users\/1"}],"replies":[{"embeddable":true,"href":"https:\/\/abetiquettes.fr\/index.php\/wp-json\/wp\/v2\/comments?post=53"}],"version-history":[{"count":12,"href":"https:\/\/abetiquettes.fr\/index.php\/wp-json\/wp\/v2\/pages\/53\/revisions"}],"predecessor-version":[{"id":418,"href":"https:\/\/abetiquettes.fr\/index.php\/wp-json\/wp\/v2\/pages\/53\/revisions\/418"}],"wp:attachment":[{"href":"https:\/\/abetiquettes.fr\/index.php\/wp-json\/wp\/v2\/media?parent=53"}],"curies":[{"name":"wp","href":"https:\/\/api.w.org\/{rel}","templated":true}]}}