{"id":467,"date":"2016-10-13T08:46:07","date_gmt":"2016-10-13T07:46:07","guid":{"rendered":"http:\/\/abetiquettes.fr\/?page_id=467"},"modified":"2024-10-20T11:50:15","modified_gmt":"2024-10-20T10:50:15","slug":"mentions-legales","status":"publish","type":"page","link":"https:\/\/abetiquettes.fr\/index.php\/mentions-legales\/","title":{"rendered":"Mentions l\u00e9gales"},"content":{"rendered":"<div id=\"themify_builder_content-467\" data-postid=\"467\" class=\"themify_builder_content themify_builder_content-467 themify_builder\">\n\n    \t\n\t\t<!-- module_row -->\n\t\t\t<div  class=\"themify_builder_row module_row clearfix module_row_0 themify_builder_467_row module_row_467-0\">\n\t\t\t\t                                <div class=\"row_inner \" >\n\n                                    \n\t\t<div  class=\"tb-column col-full first module_column tb_467_column module_column_0 module_column_467-0-0\" >\n                                                                <div class=\"tb-column-inner\">\n                            \n\n<!-- module text -->\n<div  id=\"text-467-0-0-0\" class=\"module module-text text-467-0-0-0  repeat \">\n    \n    <h3>AB\u00e9tiquettes<\/h3><p>Lo\u00efc M\u00e9tais<\/p><p>23 La Davaillerie<\/p><p>86490 COLOMBIERS<\/p><h3>Contacts :\u00a0<\/h3><p>e-mail :contact@abetiquettes.fr<\/p><p>T\u00e9l\u00e9phone :<\/p><p>05 49 20 18 59<\/p><p>Repr\u00e9sentant l\u00e9gal\u00a0:<\/p><p>Lo\u00efc M\u00e9tais<\/p><h5>Webmaster\u00a0:<\/h5><h5>L\u2019Agence de Com\u2019<\/h5><p>1, impasse du Petit Viennais \u2013 86110 MIREBEAU<\/p><p>Tel\u00a0: 05 49 50 61 18 \u2013 port\u00a0: 06 08 31 35 85 \u2013 mail\u00a0: contact@agencedecom.net<\/p><p>site web\u00a0: <a href=\"http:\/\/www.agencedecom.net\/\" target=\"_blank\" rel=\"noopener\">www.agencedecom.net<\/a><\/p><p>N\u00b0 siret\u00a0: 750 993 86700019<\/p><h5>\u00a0H\u00e9bergeur<\/h5><h5>OVH AS au capital de 10 000 000 \u20ac<\/h5><p>RCS Lille M\u00e9tropole 424 761 419 00045<br \/>Code APE 6202A<br \/>N\u00b0 TVA : FR 22 424 761 419<br \/>Si\u00e8ge social : 2 rue Kellermann \u2013 59100 Roubaix \u2013 France.<br \/>Directeur de la publication : Octave KLABA<\/p><\/div>\n<!-- \/module text -->\n                        <\/div>\n                    \t\t<\/div>\n\t\t<!-- \/.tb-column -->\n\t\t\n\t\t\n                                <\/div>\n                                <!-- \/row_inner -->\n                        <\/div>\n                        <!-- \/module_row -->\n\t\t<\/div>\n","protected":false},"excerpt":{"rendered":"<p>AB\u00e9tiquettes Lo\u00efc M\u00e9tais 23 La Davaillerie 86490 COLOMBIERS Contacts :\u00a0 e-mail :contact@abetiquettes.fr T\u00e9l\u00e9phone : 05 49 20 18 59 Repr\u00e9sentant l\u00e9gal\u00a0: Lo\u00efc M\u00e9tais Webmaster\u00a0: L\u2019Agence de Com\u2019 1, impasse du Petit Viennais \u2013 86110 MIREBEAU Tel\u00a0: 05 49 50 61 18 \u2013 port\u00a0: 06 08 31 35 85 \u2013 mail\u00a0: contact@agencedecom.net site web\u00a0: www.agencedecom.net N\u00b0 [&hellip;]<\/p>\n","protected":false},"author":1,"featured_media":0,"parent":0,"menu_order":0,"comment_status":"closed","ping_status":"closed","template":"","meta":[],"_links":{"self":[{"href":"https:\/\/abetiquettes.fr\/index.php\/wp-json\/wp\/v2\/pages\/467"}],"collection":[{"href":"https:\/\/abetiquettes.fr\/index.php\/wp-json\/wp\/v2\/pages"}],"about":[{"href":"https:\/\/abetiquettes.fr\/index.php\/wp-json\/wp\/v2\/types\/page"}],"author":[{"embeddable":true,"href":"https:\/\/abetiquettes.fr\/index.php\/wp-json\/wp\/v2\/users\/1"}],"replies":[{"embeddable":true,"href":"https:\/\/abetiquettes.fr\/index.php\/wp-json\/wp\/v2\/comments?post=467"}],"version-history":[{"count":4,"href":"https:\/\/abetiquettes.fr\/index.php\/wp-json\/wp\/v2\/pages\/467\/revisions"}],"predecessor-version":[{"id":818,"href":"https:\/\/abetiquettes.fr\/index.php\/wp-json\/wp\/v2\/pages\/467\/revisions\/818"}],"wp:attachment":[{"href":"https:\/\/abetiquettes.fr\/index.php\/wp-json\/wp\/v2\/media?parent=467"}],"curies":[{"name":"wp","href":"https:\/\/api.w.org\/{rel}","templated":true}]}}