{"id":30,"date":"2016-04-05T15:38:30","date_gmt":"2016-04-05T14:38:30","guid":{"rendered":"http:\/\/abetiquettes.fr\/?page_id=30"},"modified":"2024-10-20T13:26:15","modified_gmt":"2024-10-20T12:26:15","slug":"contact","status":"publish","type":"page","link":"https:\/\/abetiquettes.fr\/index.php\/contact\/","title":{"rendered":"contact"},"content":{"rendered":"<div id=\"themify_builder_content-30\" data-postid=\"30\" class=\"themify_builder_content themify_builder_content-30 themify_builder\">\n\n    \t\n\t\t<!-- module_row -->\n\t\t\t<div  class=\"themify_builder_row module_row clearfix builder-parallax-scrolling module_row_0 themify_builder_30_row module_row_30-0\">\n\t\t\t\t<div class=\"builder_row_cover \"><\/div>                                <div class=\"row_inner \" >\n\n                                    \n\t\t<div  class=\"tb-column col-full first module_column tb_30_column module_column_0 module_column_30-0-0\" >\n                                                                <div class=\"tb-column-inner\">\n                            \t\t<div class=\"themify_builder_sub_row module_subrow clearfix sub_row_0-0-0\">\n\t\t                    <div class=\"subrow_inner \" >\n                                       <div  class=\"col3-2 sub_column module_column first sub_column_post_30 sub_column_0-0-0-0\"> \n                                                              <div class=\"tb-column-inner\">\n                            \n\n<!-- module text -->\n<div  id=\"text-30-sub_row_0-0-0-0-0\" class=\"module module-text text-30-sub_row_0-0-0-0-0  repeat \">\n    \n    <h2>Contactez AB\u00e9tiquettes<\/h2>\n<h3>Pour une simple question ou une demande de devis d\u00e9taill\u00e9e, nous sommes \u00e0 votre disposition !\u00a0<\/h3>\n<p>veuillez nous envoyer un mail \u00e0 <strong>contact@abetiquettes.fr<\/strong><\/p><\/div>\n<!-- \/module text -->\n                        <\/div>\n                                   <\/div>\n\t\t               <div  class=\"col3-1 sub_column module_column last sub_column_post_30 sub_column_0-0-0-1\"> \n                                                              <div class=\"tb-column-inner\">\n                            \n\n<!-- module text -->\n<div  id=\"text-30-sub_row_0-0-0-1-0\" class=\"module module-text text-30-sub_row_0-0-0-1-0  repeat \">\n    \n    <h3 style=\"text-align: center;\"><strong>SARL Ab\u00e9tiquettes<\/strong><\/h3>\n<p style=\"text-align: center;\">23 La Davaillerie<br \/>86490 COLOMBIERS &#8211; t\u00e9l : 05 49 20 18 59<\/p>\n<p>\u00a0 \u00a0 t\u00e9l Portable : 06 86 83 99 82<\/p>\n<p>\u00a0 \u00a0 Siret : 444 658 066 000 30 RCS Poitiers<br \/>\u00a0 \u00a0 APE : -4649Z<\/p>\n<h3 style=\"text-align: center;\"><a href=\"mailto:contact@abetiquettes.fr\">contact@abetiquettes.fr<\/a><\/h3><\/div>\n<!-- \/module text -->\n\n\n    <!-- module map -->\n    <div  id=\"map-30-sub_row_0-0-0-1-1\" class=\"module module-map map-30-sub_row_0-0-0-1-1  \">\n\n        \n                    <div data-map=\"eyJhZGRyZXNzIjoiMjMsIExhIERhdmFpbGxlaXJlIDg2NDkwIENPTE9NQklFUlMiLCJ6b29tIjoiOCIsInR5cGUiOiJST0FETUFQIiwic2Nyb2xsIjpmYWxzZSwiZHJhZyI6dHJ1ZX0=\" class=\"themify_map map-container\"  style=\"width:100%;height:300px;\"  data-info-window=\"&lt;b&gt;Address&lt;\/b&gt;&lt;br\/&gt;&lt;p&gt;23, La Davailleire 86490 COLOMBIERS&lt;\/p&gt;\" data-reverse-geocoding=\"\"><\/div>\n            <\/div>\n    <!-- \/module map -->\n\n                        <\/div>\n                                   <\/div>\n\t\t                    <\/div>\n                <\/div><!-- \/themify_builder_sub_row -->\n                                        <\/div>\n                    \t\t<\/div>\n\t\t<!-- \/.tb-column -->\n\t\t\n\t\t\n                                <\/div>\n                                <!-- \/row_inner -->\n                        <\/div>\n                        <!-- \/module_row -->\n\t\t<\/div>\n","protected":false},"excerpt":{"rendered":"<p>Contactez AB\u00e9tiquettes Pour une simple question ou une demande de devis d\u00e9taill\u00e9e, nous sommes \u00e0 votre disposition !\u00a0 veuillez nous envoyer un mail \u00e0 contact@abetiquettes.fr SARL Ab\u00e9tiquettes 23 La Davaillerie86490 COLOMBIERS &#8211; t\u00e9l : 05 49 20 18 59 \u00a0 \u00a0 t\u00e9l Portable : 06 86 83 99 82 \u00a0 \u00a0 Siret : 444 658 [&hellip;]<\/p>\n","protected":false},"author":1,"featured_media":0,"parent":0,"menu_order":10,"comment_status":"closed","ping_status":"closed","template":"","meta":[],"_links":{"self":[{"href":"https:\/\/abetiquettes.fr\/index.php\/wp-json\/wp\/v2\/pages\/30"}],"collection":[{"href":"https:\/\/abetiquettes.fr\/index.php\/wp-json\/wp\/v2\/pages"}],"about":[{"href":"https:\/\/abetiquettes.fr\/index.php\/wp-json\/wp\/v2\/types\/page"}],"author":[{"embeddable":true,"href":"https:\/\/abetiquettes.fr\/index.php\/wp-json\/wp\/v2\/users\/1"}],"replies":[{"embeddable":true,"href":"https:\/\/abetiquettes.fr\/index.php\/wp-json\/wp\/v2\/comments?post=30"}],"version-history":[{"count":40,"href":"https:\/\/abetiquettes.fr\/index.php\/wp-json\/wp\/v2\/pages\/30\/revisions"}],"predecessor-version":[{"id":824,"href":"https:\/\/abetiquettes.fr\/index.php\/wp-json\/wp\/v2\/pages\/30\/revisions\/824"}],"wp:attachment":[{"href":"https:\/\/abetiquettes.fr\/index.php\/wp-json\/wp\/v2\/media?parent=30"}],"curies":[{"name":"wp","href":"https:\/\/api.w.org\/{rel}","templated":true}]}}