{"id":2,"date":"2016-04-04T11:23:48","date_gmt":"2016-04-04T10:23:48","guid":{"rendered":"http:\/\/abetiquettes.fr\/?page_id=2"},"modified":"2018-05-16T14:38:58","modified_gmt":"2018-05-16T13:38:58","slug":"abetiquettes-production-impression-fabrication-detiquettes-adhesives","status":"publish","type":"page","link":"https:\/\/abetiquettes.fr\/","title":{"rendered":"AB\u00e9tiquettes &#8211; Production, impression et fabrication d\u2019\u00e9tiquettes adh\u00e9sives"},"content":{"rendered":"<p><span style=\"color: #ffffff;\">AB\u00e9tiquettes<\/span><div id=\"themify_builder_content-2\" data-postid=\"2\" class=\"themify_builder_content themify_builder_content-2 themify_builder\">\n\n    \t\n\t\t<!-- module_row -->\n\t\t\t<div  class=\"themify_builder_row module_row clearfix fullwidth_row_container module_row_0 themify_builder_2_row module_row_2-0\">\n\t\t\t\t                                <div class=\"row_inner \" >\n\n                                    \n\t\t<div  class=\"tb-column col-full first module_column tb_2_column module_column_0 module_column_2-0-0\" >\n                                                                <div class=\"tb-column-inner\">\n                            \n\n<!-- module text -->\n<div  id=\"text-2-0-0-0\" class=\"module module-text text-2-0-0-0  repeat \">\n    \n    <p><span id=\"cs-slider-shortcode\"><div style=\"display: none;\" class=\"crellyslider-slider crellyslider-slider-full-width crellyslider-slider-ab\u00e9tiquettes_-_accueil\" id=\"crellyslider-1\">\n<ul>\n<li\nstyle=\"\nbackground-color: transparent;\nbackground-image: url('http:\/\/abetiquettes.fr\/wp-content\/uploads\/2016\/04\/slider-abetiquettes-02.jpg');\nbackground-position: center center;\nbackground-repeat: no-repeat;\nbackground-size: cover;\n\n\"\ndata-in=\"fade\"\ndata-ease-in=\"300\"\ndata-out=\"fade\"\ndata-ease-out=\"300\"\ndata-time=\"5000\"\n>\n<a class=\"cs-background-link\" href=\"http:\/\/abetiquettes.fr\/index.php\/en-cours\/\"><\/a><div\nclass=\"\"\nstyle=\"z-index: 2;\n\n\"\ndata-delay=\"1400\"\ndata-ease-in=\"300\"\ndata-ease-out=\"300\"\ndata-in=\"fade\"\ndata-out=\"fade\"\ndata-ignore-ease-out=\"0\"\ndata-top=\"0\"\ndata-left=\"0\"\ndata-time=\"all\"\n>\n\n<\/div>\n<div\nclass=\"\"\nstyle=\"z-index: 2;\ntext-align:center;\nfont-size:20px;\nborder : 5px solid white;\nbackground-color:rgba(255, 255, 255, 0.5);\npadding:20px;\n\n\"\ndata-delay=\"900\"\ndata-ease-in=\"300\"\ndata-ease-out=\"300\"\ndata-in=\"fade\"\ndata-out=\"fade\"\ndata-ignore-ease-out=\"0\"\ndata-top=\"244\"\ndata-left=\"354\"\ndata-time=\"all\"\n>\n\u00e9tiquettes<br>num\u00e9rot\u00e9es\n<\/div>\n<div\nclass=\"\"\nstyle=\"z-index: 1;\nbackground-color: rgba(0, 0, 0, 0.5);\ncolor:#ffffff !important;\nfont-size:35px;\ntext-align:center;\npadding-top:20px;\npadding-left :150px;\npadding-right:150px;\npadding-bottom:200px;\n\n\"\ndata-delay=\"200\"\ndata-ease-in=\"500\"\ndata-ease-out=\"500\"\ndata-in=\"slideDown\"\ndata-out=\"slideUp\"\ndata-ignore-ease-out=\"0\"\ndata-top=\"71\"\ndata-left=\"6\"\ndata-time=\"all\"\n>\nAB\u00e9tiquettes, votre partenaire pour \n<br>l'impression de vos \u00e9tiquettes professionnelles\n<\/div>\n<div\nclass=\"\"\nstyle=\"z-index: 2;\ntext-align:center;\nfont-size:20px;\nborder:5px solid white;\nbackground-color:rgba(255,255,255,0.5);\npadding-top:35px;\npadding-bottom:35px;\npadding-left:15px;\npadding-right:15px;\n\"\ndata-delay=\"1400\"\ndata-ease-in=\"300\"\ndata-ease-out=\"300\"\ndata-in=\"fade\"\ndata-out=\"fade\"\ndata-ignore-ease-out=\"0\"\ndata-top=\"244\"\ndata-left=\"830\"\ndata-time=\"all\"\n>\nImprimantes\n<\/div>\n<a\ndata-delay=\"0\"\ndata-ease-in=\"300\"\ndata-ease-out=\"300\"\ndata-in=\"fade\"\ndata-out=\"fade\"\ndata-ignore-ease-out=\"0\"\ndata-top=\"249\"\ndata-left=\"363\"\ndata-time=\"all\"\nhref=\"http:\/\/abetiquettes.fr\/index.php\/etiquette-tracabilite-code-barre\/\"\n\nstyle=\"z-index: 3;\n\">\n<div\nclass=\"\"\nstyle=\"padding-top:100px;\npadding-right:150px;\n\"\n>\n\n<\/div>\n<\/a>\n<div\nclass=\"\"\nstyle=\"z-index: 2;\ntext-align-center;\nfont-size:20px;\nborder : 5px solid white;\nbackground-color:rgba(255, 255, 255, 0.5);\npadding:20px;\n\"\ndata-delay=\"700\"\ndata-ease-in=\"300\"\ndata-ease-out=\"300\"\ndata-in=\"fade\"\ndata-out=\"fade\"\ndata-ignore-ease-out=\"0\"\ndata-top=\"244\"\ndata-left=\"108\"\ndata-time=\"all\"\n>\n\u00e9tiquettes\n<br>\ncode barre\n<\/div>\n<a\ndata-delay=\"0\"\ndata-ease-in=\"300\"\ndata-ease-out=\"300\"\ndata-in=\"fade\"\ndata-out=\"fade\"\ndata-ignore-ease-out=\"0\"\ndata-top=\"253\"\ndata-left=\"600\"\ndata-time=\"all\"\nhref=\"http:\/\/abetiquettes.fr\/index.php\/etiquettes-techniques\/\"\n\nstyle=\"z-index: 3;\n\">\n<div\nclass=\"\"\nstyle=\"padding-top:100px;\npadding-right:150px;\n\"\n>\n\n<\/div>\n<\/a>\n<a\ndata-delay=\"2000\"\ndata-ease-in=\"300\"\ndata-ease-out=\"300\"\ndata-in=\"fade\"\ndata-out=\"fade\"\ndata-ignore-ease-out=\"0\"\ndata-top=\"415\"\ndata-left=\"395\"\ndata-time=\"all\"\nhref=\"http:\/\/abetiquettes.fr\/index.php\/category\/etiquettes\/\"\n\nstyle=\"z-index: 2;\n\">\n<div\nclass=\"\"\nstyle=\"text-align:center;\nfont-size:20px;\nfont-weight:600;\ncolor:black;\nborder:solid 5px #fdd64b;\nbackground-color:rgba(253,214,75,0.7);\npadding:10px;\n\"\n>\nd\u00e9couvrir tous nos produits\n<\/div>\n<\/a>\n<a\ndata-delay=\"0\"\ndata-ease-in=\"300\"\ndata-ease-out=\"300\"\ndata-in=\"fade\"\ndata-out=\"fade\"\ndata-ignore-ease-out=\"0\"\ndata-top=\"250\"\ndata-left=\"108\"\ndata-time=\"all\"\nhref=\"http:\/\/abetiquettes.fr\/index.php\/etiquette-tracabilite-code-barre\/\"\n\nstyle=\"z-index: 3;\n\">\n<div\nclass=\"\"\nstyle=\"background-color:rgba(255,255,255,0);\npadding-top:100px;\npadding-left:150px;\n\"\n>\n\n<\/div>\n<\/a>\n<a\ndata-delay=\"0\"\ndata-ease-in=\"300\"\ndata-ease-out=\"300\"\ndata-in=\"fade\"\ndata-out=\"fade\"\ndata-ignore-ease-out=\"0\"\ndata-top=\"252\"\ndata-left=\"840\"\ndata-time=\"all\"\nhref=\"http:\/\/abetiquettes.fr\/index.php\/impression-etiquette-materiel\/\"\n\nstyle=\"z-index: 3;\n\">\n<div\nclass=\"\"\nstyle=\"padding-top:100px;\npadding-right:150px;\n\"\n>\n\n<\/div>\n<\/a>\n<div\nclass=\"\"\nstyle=\"z-index: 2;\ntext-align:center;\nfont-size:20px;\nborder:5px solid white;\nbackground-color:rgba(255,255,255,0.5);\npadding:20px;\n\"\ndata-delay=\"1100\"\ndata-ease-in=\"300\"\ndata-ease-out=\"300\"\ndata-in=\"fade\"\ndata-out=\"fade\"\ndata-ignore-ease-out=\"0\"\ndata-top=\"244\"\ndata-left=\"606\"\ndata-time=\"all\"\n>\n\u00e9tiquettes<br>Void\n<\/div>\n<\/li>\n<li\nstyle=\"\nbackground-color: transparent;\nbackground-image: url('http:\/\/abetiquettes.fr\/wp-content\/uploads\/2016\/04\/slider-abetiquettes-01.jpg');\nbackground-position: center center;\nbackground-repeat: no-repeat;\nbackground-size: cover;\n\n\"\ndata-in=\"fade\"\ndata-ease-in=\"300\"\ndata-out=\"fade\"\ndata-ease-out=\"300\"\ndata-time=\"5000\"\n>\n<a\ndata-delay=\"500\"\ndata-ease-in=\"300\"\ndata-ease-out=\"300\"\ndata-in=\"fade\"\ndata-out=\"fade\"\ndata-ignore-ease-out=\"0\"\ndata-top=\"349\"\ndata-left=\"459\"\ndata-time=\"all\"\nhref=\"http:\/\/abetiquettes.fr\/index.php\/etiquettes-techniques\/\"\n\nstyle=\"z-index: 1;\n\">\n<div\nclass=\"\"\nstyle=\"text-align:center;\nfont-size:20px;\nfont-weight:600;\ncolor:black;\npadding:20px;\nborder:solid 5px #fdd64b;\nbackground-color:rgba(253,214,75,0.5);\n\n\"\n>\nEn savoir plus\n<\/div>\n<\/a>\n<div\nclass=\"\"\nstyle=\"z-index: 2;\ntext-align:center;\nfont-size:35px;\ncolor:#fff;\n\"\ndata-delay=\"0\"\ndata-ease-in=\"300\"\ndata-ease-out=\"300\"\ndata-in=\"fade\"\ndata-out=\"fade\"\ndata-ignore-ease-out=\"0\"\ndata-top=\"161\"\ndata-left=\"212\"\ndata-time=\"all\"\n>\nAB\u00e9tiquettes vous accompagne pour la <br>cr\u00e9ation de vos \u00e9tiquetages techniques\n<\/div>\n<div\nclass=\"\"\nstyle=\"z-index: 1;\npadding-top:200px;\npadding-right:800px;\nbackground-color:rgba(0,0,0,0.5);\n\"\ndata-delay=\"0\"\ndata-ease-in=\"300\"\ndata-ease-out=\"300\"\ndata-in=\"fade\"\ndata-out=\"fade\"\ndata-ignore-ease-out=\"0\"\ndata-top=\"119\"\ndata-left=\"165\"\ndata-time=\"all\"\n>\n\n<\/div>\n<\/li>\n<\/ul>\n<\/div>\n<script type=\"text\/javascript\">\n(function($) {\n$(document).ready(function() {\n$(\"#crellyslider-1\").crellySlider({\nlayout: 'full-width',\nresponsive: 1,\nstartWidth: 1140,\nstartHeight: 500,\nautomaticSlide: 1,\nshowControls: 1,\nshowNavigation: 0,\nenableSwipe: 1,\nshowProgressBar: 0,\npauseOnHover: 1,\nbeforeStart : function() {},\nbeforeSetResponsive : function() {},\nbeforeSlideStart : function() {},\nbeforePause\t: function() {},\nbeforeResume : function() {},\n});\n});\n})(jQuery);\n<\/script>\n<\/span><\/p><\/div>\n<!-- \/module text -->\n                        <\/div>\n                    \t\t<\/div>\n\t\t<!-- \/.tb-column -->\n\t\t\n\t\t\n                                <\/div>\n                                <!-- \/row_inner -->\n                        <\/div>\n                        <!-- \/module_row -->\n\t\t\t\n\t\t<!-- module_row -->\n\t\t\t<div  class=\"themify_builder_row module_row clearfix module_row_1 themify_builder_2_row module_row_2-1\">\n\t\t\t\t                                <div class=\"row_inner \" >\n\n                                    \n\t\t<div  class=\"tb-column col-full first module_column tb_2_column module_column_0 module_column_2-1-0\" >\n                                                                <div class=\"tb-column-inner\">\n                            \n\n<!-- module text -->\n<div  id=\"text-2-1-0-0\" class=\"module module-text text-2-1-0-0   \">\n    \n    <h1 style=\"text-align: center;\">AB\u00e9tiquettes<\/h1><h2 style=\"text-align: center; font-size: 30px; background-color: #fdd64b; color: black;\">Production, impression et fabrication d\u2019\u00e9tiquettes\u00a0adh\u00e9sives<\/h2><\/div>\n<!-- \/module text -->\n\n\n<!-- module text -->\n<div  id=\"text-2-1-0-1\" class=\"module module-text text-2-1-0-1   \">\n    \n    <h3 style=\"text-align: center; font-size: 25px;\"><a href=\"http:\/\/abetiquettes.fr\/index.php\/etiquettes-techniques\/\">Etiquettes techniques<\/a> pour une utilisation industrielle ou <a href=\"http:\/\/abetiquettes.fr\/index.php\/etiquette-tracabilite-code-barre-copy-3\/\">\u00e9tiquettes autocollantes personnalis\u00e9es<\/a> pour vos supports marketing, nous sommes \u00e0 vos c\u00f4t\u00e9s pour r\u00e9pondre \u00e0 tous vos besoins !<\/h3><\/div>\n<!-- \/module text -->\n\n\n<!-- module text -->\n<div  id=\"text-2-1-0-2\" class=\"module module-text text-2-1-0-2   \">\n    \n    <p style=\"text-align: center;\"><a href=\"http:\/\/abetiquettes.fr\/index.php\/category\/etiquettes\/\" class=\"shortcode button    large flat \" style=\"background-color: #fdd64b;color: #000000;\">En savoir plus<\/a><\/p><\/div>\n<!-- \/module text -->\n                        <\/div>\n                    \t\t<\/div>\n\t\t<!-- \/.tb-column -->\n\t\t\n\t\t\n                                <\/div>\n                                <!-- \/row_inner -->\n                        <\/div>\n                        <!-- \/module_row -->\n\t\t\t\n\t\t<!-- module_row -->\n\t\t\t<div  class=\"themify_builder_row module_row clearfix module_row_2 themify_builder_2_row module_row_2-2\">\n\t\t\t\t                                <div class=\"row_inner \" >\n\n                                    \n\t\t<div  class=\"tb-column col4-3 first module_column tb_2_column module_column_0 module_column_2-2-0\" >\n                                                                <div class=\"tb-column-inner\">\n                            \n\n<!-- module text -->\n<div  id=\"text-2-2-0-0\" class=\"module module-text text-2-2-0-0   \">\n    \n    <h2>Des \u00e9tiquettes adh\u00e9sives de toutes sortes et de toutes les couleurs.<\/h2><\/div>\n<!-- \/module text -->\n\n\n<!-- module text -->\n<div  id=\"text-2-2-0-1\" class=\"module module-text text-2-2-0-1   \">\n    \n    <p>\u00a0<\/p><p><img decoding=\"async\" loading=\"lazy\" class=\"alignleft wp-image-117 size-medium\" src=\"http:\/\/abetiquettes.fr\/wp-content\/uploads\/2016\/04\/slider-abetiquettes-01-300x148.jpg\" alt=\"AB\u00e9tiquettes - fabriquant d'\u00e9tiquettes adh\u00e9sives\" width=\"300\" height=\"148\" srcset=\"https:\/\/abetiquettes.fr\/wp-content\/uploads\/2016\/04\/slider-abetiquettes-01-300x148.jpg 300w, https:\/\/abetiquettes.fr\/wp-content\/uploads\/2016\/04\/slider-abetiquettes-01-768x380.jpg 768w, https:\/\/abetiquettes.fr\/wp-content\/uploads\/2016\/04\/slider-abetiquettes-01-1024x507.jpg 1024w, https:\/\/abetiquettes.fr\/wp-content\/uploads\/2016\/04\/slider-abetiquettes-01-1024x507-201x100.jpg 201w, https:\/\/abetiquettes.fr\/wp-content\/uploads\/2016\/04\/slider-abetiquettes-01.jpg 1900w\" sizes=\"(max-width: 300px) 100vw, 300px\" \/>AB\u00e9tiquettes vous offre\u00a0une large gamme d&rsquo;\u00e9tiquettes autocollantes dot\u00e9es de propri\u00e9t\u00e9s vari\u00e9es : vous trouverez chez nous le mod\u00e8le qui correspond parfaitement \u00e0 vos besoins ! <a href=\"http:\/\/abetiquettes.fr\/index.php\/etiquette-tracabilite-code-barre-copy-3\/\">\u00c9tiquettes adh\u00e9sives \u00e0 petits prix<\/a> ou <a href=\"http:\/\/abetiquettes.fr\/index.php\/etiquettes-techniques\/\">\u00e9tiquettes techniques<\/a>\u00a0pour un process industriel bien r\u00f4d\u00e9, tout est possible !<\/p><p>Nous sommes \u00e9galement sp\u00e9cialis\u00e9s dans les <a href=\"http:\/\/abetiquettes.fr\/index.php\/etiquettes-haute-resistance-homologuees\/\">\u00e9tiquettes haute r\u00e9sistance et homologation<\/a> : anti-fraude ou anti-vol, r\u00e9sistance aux temp\u00e9ratures extr\u00eames &#8230; Tous vos besoins sont \u00e9tudi\u00e9s, vos contraintes et votre budget sont respect\u00e9s g\u00e2ce \u00e0 notre expertise et \u00e0 notre savoir-faire.\u00a0<\/p><h2 style=\"background-color: #fdd64b;\">Impression d\u2019\u00e9tiquettes autocollantes marketing :<\/h2><p>\u00a0<\/p><p><img decoding=\"async\" loading=\"lazy\" class=\"alignright wp-image-214 size-medium\" src=\"http:\/\/abetiquettes.fr\/wp-content\/uploads\/2016\/04\/abetiquettes-etiquette-personnalisee-300x300.jpg\" alt=\"AB\u00e9tiquettes - \u00e9tiquettes forme personnalis\u00e9e\" width=\"300\" height=\"300\" srcset=\"https:\/\/abetiquettes.fr\/wp-content\/uploads\/2016\/04\/abetiquettes-etiquette-personnalisee-300x300.jpg 300w, https:\/\/abetiquettes.fr\/wp-content\/uploads\/2016\/04\/abetiquettes-etiquette-personnalisee-150x150.jpg 150w, https:\/\/abetiquettes.fr\/wp-content\/uploads\/2016\/04\/abetiquettes-etiquette-personnalisee-200x200.jpg 200w, https:\/\/abetiquettes.fr\/wp-content\/uploads\/2016\/04\/abetiquettes-etiquette-personnalisee-100x100.jpg 100w, https:\/\/abetiquettes.fr\/wp-content\/uploads\/2016\/04\/abetiquettes-etiquette-personnalisee.jpg 478w\" sizes=\"(max-width: 300px) 100vw, 300px\" \/>Les \u00e9tiquettes ne sont pas qu&rsquo;un moyen de g\u00e9rer la tra\u00e7abilit\u00e9 de vos produits. Elles portent aussi votre mage de marque ! Avec une <a href=\"http:\/\/abetiquettes.fr\/index.php\/2016\/01\/21\/etiquettes-vierges-copy\/\">d\u00e9coupe personnalis\u00e9e<\/a>, une impression couleur et une <a href=\"http:\/\/abetiquettes.fr\/index.php\/2016\/05\/03\/etiquettes-impression-personnalisee-copy-3-copy\/\">finition appropri\u00e9e<\/a>, soignez votre marketing jusque dans les moindres d\u00e9tails et v\u00e9hiculez une image qualitative au travers de vos \u00e9tiquettes.\u00a0<\/p><p>Nous sommes \u00e9galement \u00e0 votre disposition avec des\u00a0\u00e9tiquettes \u00e0 <a href=\"http:\/\/abetiquettes.fr\/index.php\/etiquette-tracabilite-code-barre-copy-3\/\">petits prix <\/a>pour vos <a href=\"http:\/\/abetiquettes.fr\/index.php\/2016\/04\/13\/code-barre\/\">codes-barre<\/a>, soldes, promotions et \u00e9v\u00e9nements particuliers.<\/p><p>Afin d&rsquo;\u00eatre les plus r\u00e9actifs et les plus coh\u00e9rents avec votre budget, n&rsquo;h\u00e9sitez pas \u00e0 nous communiquer en amont votre projet gr\u00e2ce \u00e0 notre\u00a0<a href=\"http:\/\/abetiquettes.fr\/index.php\/contact\/\">formulaire de devis d\u00e9taill\u00e9<\/a> !<\/p><\/div>\n<!-- \/module text -->\n                        <\/div>\n                    \t\t<\/div>\n\t\t<!-- \/.tb-column -->\n\t\t\n\t\t\n\t\t<div  class=\"tb-column col4-1 last module_column tb_2_column module_column_1 module_column_2-2-1\" >\n                                                                <div class=\"tb-column-inner\">\n                            \n\n\n    <!-- module widgetized -->\n    <div  id=\"widgetized-2-2-1-0\" class=\"module module-widgetized widgetized-2-2-1-0   \">\n        <div id=\"pro_categories_widget-2\" class=\"widget widget_categories\"><h4 class=\"widgettitle\">quel type de produit cherchez-vous ?<\/h4>\t\t<ul>\r\n\t<li class=\"cat-item cat-item-10\"><a href=\"https:\/\/abetiquettes.fr\/index.php\/category\/etiquettes\/\">Etiquettes<\/a> (17)\n<ul class='children'>\n\t<li class=\"cat-item cat-item-15\"><a href=\"https:\/\/abetiquettes.fr\/index.php\/category\/etiquettes\/etiquettes-haute-resistance-et-homologuees\/\">Etiquettes haute r\u00e9sistance et homologu\u00e9es<\/a> (4)\n<\/li>\n\t<li class=\"cat-item cat-item-16\"><a href=\"https:\/\/abetiquettes.fr\/index.php\/category\/etiquettes\/etiquettes-medicales\/\">Etiquettes m\u00e9dicales<\/a> (2)\n<\/li>\n\t<li class=\"cat-item cat-item-17\"><a href=\"https:\/\/abetiquettes.fr\/index.php\/category\/etiquettes\/etiquettes-personnalisees\/\">Etiquettes personnalis\u00e9es<\/a> (15)\n<\/li>\n\t<li class=\"cat-item cat-item-14\"><a href=\"https:\/\/abetiquettes.fr\/index.php\/category\/etiquettes\/etiquettes-techniques-securite\/\">Etiquettes techniques &amp; s\u00e9curit\u00e9<\/a> (5)\n<\/li>\n\t<li class=\"cat-item cat-item-13\"><a href=\"https:\/\/abetiquettes.fr\/index.php\/category\/etiquettes\/etiquettes-tracabilite-et-code-barre\/\">Etiquettes tra\u00e7abilit\u00e9 et code-barre<\/a> (6)\n<\/li>\n<\/ul>\n<\/li>\n\t<li class=\"cat-item cat-item-11\"><a href=\"https:\/\/abetiquettes.fr\/index.php\/category\/imprimantes\/\">Imprimantes<\/a> (3)\n<\/li>\n\t<li class=\"cat-item cat-item-1\"><a href=\"https:\/\/abetiquettes.fr\/index.php\/category\/non-classe\/\">Non class\u00e9<\/a> (3)\n<\/li>\n\t\t<\/ul>\r\n<\/div><div id=\"text-2\" class=\"widget widget_text\">\t\t\t<div class=\"textwidget\"><a href=\"http:\/\/abetiquettes.fr\/index.php\/contact\/\" class=\"shortcode button    outline large black\">Demander un devis<\/a><\/div>\n\t\t<\/div>    <\/div>\n    <!-- \/module widgetized -->\n\n                        <\/div>\n                    \t\t<\/div>\n\t\t<!-- \/.tb-column -->\n\t\t\n\t\t\n                                <\/div>\n                                <!-- \/row_inner -->\n                        <\/div>\n                        <!-- \/module_row -->\n\t\t<\/div>\n","protected":false},"excerpt":{"rendered":"<p>AB\u00e9tiquettes \u00e9tiquettesnum\u00e9rot\u00e9es AB\u00e9tiquettes, votre partenaire pour l&rsquo;impression de vos \u00e9tiquettes professionnelles Imprimantes \u00e9tiquettes code barre d\u00e9couvrir tous nos produits \u00e9tiquettesVoid En savoir plus AB\u00e9tiquettes vous accompagne pour la cr\u00e9ation de vos \u00e9tiquetages techniques AB\u00e9tiquettes Production, impression et fabrication d\u2019\u00e9tiquettes\u00a0adh\u00e9sives Etiquettes techniques pour une utilisation industrielle ou \u00e9tiquettes autocollantes personnalis\u00e9es pour vos supports marketing, nous sommes [&hellip;]<\/p>\n","protected":false},"author":1,"featured_media":0,"parent":0,"menu_order":0,"comment_status":"closed","ping_status":"open","template":"","meta":[],"_links":{"self":[{"href":"https:\/\/abetiquettes.fr\/index.php\/wp-json\/wp\/v2\/pages\/2"}],"collection":[{"href":"https:\/\/abetiquettes.fr\/index.php\/wp-json\/wp\/v2\/pages"}],"about":[{"href":"https:\/\/abetiquettes.fr\/index.php\/wp-json\/wp\/v2\/types\/page"}],"author":[{"embeddable":true,"href":"https:\/\/abetiquettes.fr\/index.php\/wp-json\/wp\/v2\/users\/1"}],"replies":[{"embeddable":true,"href":"https:\/\/abetiquettes.fr\/index.php\/wp-json\/wp\/v2\/comments?post=2"}],"version-history":[{"count":75,"href":"https:\/\/abetiquettes.fr\/index.php\/wp-json\/wp\/v2\/pages\/2\/revisions"}],"predecessor-version":[{"id":490,"href":"https:\/\/abetiquettes.fr\/index.php\/wp-json\/wp\/v2\/pages\/2\/revisions\/490"}],"wp:attachment":[{"href":"https:\/\/abetiquettes.fr\/index.php\/wp-json\/wp\/v2\/media?parent=2"}],"curies":[{"name":"wp","href":"https:\/\/api.w.org\/{rel}","templated":true}]}}