{"id":191,"date":"2016-04-21T13:42:54","date_gmt":"2016-04-21T12:42:54","guid":{"rendered":"http:\/\/abetiquettes.fr\/index.php\/etiquette-tracabilite-code-barre-copy-2\/"},"modified":"2018-06-10T14:58:34","modified_gmt":"2018-06-10T13:58:34","slug":"etiquettes-dossiers-medicales","status":"publish","type":"page","link":"https:\/\/abetiquettes.fr\/index.php\/etiquettes-dossiers-medicales\/","title":{"rendered":"Etiquettes Dossiers"},"content":{"rendered":"<div id=\"themify_builder_content-191\" data-postid=\"191\" class=\"themify_builder_content themify_builder_content-191 themify_builder\">\n\n    \t\n\t\t<!-- module_row -->\n\t\t\t<div  class=\"themify_builder_row module_row clearfix module_row_0 themify_builder_191_row module_row_191-0\">\n\t\t\t\t                                <div class=\"row_inner \" >\n\n                                    \n\t\t<div  class=\"tb-column col-full first module_column tb_191_column module_column_0 module_column_191-0-0\" >\n                                                                <div class=\"tb-column-inner\">\n                            \n\n<!-- module text -->\n<div  id=\"text-191-0-0-0\" class=\"module module-text text-191-0-0-0  repeat \">\n    \n    <h1 style=\"text-align: center;\">Etiquettes Dossiers m\u00e9dicales<\/h1><\/div>\n<!-- \/module text -->\n                        <\/div>\n                    \t\t<\/div>\n\t\t<!-- \/.tb-column -->\n\t\t\n\t\t\n                                <\/div>\n                                <!-- \/row_inner -->\n                        <\/div>\n                        <!-- \/module_row -->\n\t\t\t\n\t\t<!-- module_row -->\n\t\t\t<div  class=\"themify_builder_row module_row clearfix module_row_1 themify_builder_191_row module_row_191-1\">\n\t\t\t\t                                <div class=\"row_inner \" >\n\n                                    \n\t\t<div  class=\"tb-column col-full first module_column tb_191_column module_column_0 module_column_191-1-0\" >\n                                                                <div class=\"tb-column-inner\">\n                            \n\n<!-- module text -->\n<div  id=\"text-191-1-0-0\" class=\"module module-text text-191-1-0-0   \">\n    \n    <h2>Suivi des patients et traitement des dossiers, tra\u00e7abilit\u00e9\u00a0et protection des informations &#8230;<\/h2><p>La sant\u00e9 des patients n\u00e9cessite la plus grande attention.\u00a0<a href=\"http:\/\/www.abetiquettes.fr\">AB\u00e9tiquettes<\/a>\u00a0propose une large gamme de produits adh\u00e9sifs qui vous permettront d&rsquo;organiser et de s\u00e9curiser vos dossiers.<\/p><\/div>\n<!-- \/module text -->\n                        <\/div>\n                    \t\t<\/div>\n\t\t<!-- \/.tb-column -->\n\t\t\n\t\t\n                                <\/div>\n                                <!-- \/row_inner -->\n                        <\/div>\n                        <!-- \/module_row -->\n\t\t<\/div>\n","protected":false},"excerpt":{"rendered":"<p>Etiquettes Dossiers m\u00e9dicales Suivi des patients et traitement des dossiers, tra\u00e7abilit\u00e9\u00a0et protection des informations &#8230; La sant\u00e9 des patients n\u00e9cessite la plus grande attention.\u00a0AB\u00e9tiquettes\u00a0propose une large gamme de produits adh\u00e9sifs qui vous permettront d&rsquo;organiser et de s\u00e9curiser vos dossiers.<\/p>\n","protected":false},"author":1,"featured_media":0,"parent":0,"menu_order":6,"comment_status":"closed","ping_status":"closed","template":"","meta":[],"_links":{"self":[{"href":"https:\/\/abetiquettes.fr\/index.php\/wp-json\/wp\/v2\/pages\/191"}],"collection":[{"href":"https:\/\/abetiquettes.fr\/index.php\/wp-json\/wp\/v2\/pages"}],"about":[{"href":"https:\/\/abetiquettes.fr\/index.php\/wp-json\/wp\/v2\/types\/page"}],"author":[{"embeddable":true,"href":"https:\/\/abetiquettes.fr\/index.php\/wp-json\/wp\/v2\/users\/1"}],"replies":[{"embeddable":true,"href":"https:\/\/abetiquettes.fr\/index.php\/wp-json\/wp\/v2\/comments?post=191"}],"version-history":[{"count":13,"href":"https:\/\/abetiquettes.fr\/index.php\/wp-json\/wp\/v2\/pages\/191\/revisions"}],"predecessor-version":[{"id":721,"href":"https:\/\/abetiquettes.fr\/index.php\/wp-json\/wp\/v2\/pages\/191\/revisions\/721"}],"wp:attachment":[{"href":"https:\/\/abetiquettes.fr\/index.php\/wp-json\/wp\/v2\/media?parent=191"}],"curies":[{"name":"wp","href":"https:\/\/api.w.org\/{rel}","templated":true}]}}